{"id":1781,"date":"2025-11-19T18:27:20","date_gmt":"2025-11-19T18:27:20","guid":{"rendered":"http:\/\/www.earnext.com\/?page_id=1781"},"modified":"2026-02-07T10:38:10","modified_gmt":"2026-02-07T10:38:10","slug":"cookie-policy","status":"publish","type":"page","link":"https:\/\/www.earnext.com\/en\/cookie-policy\/","title":{"rendered":"Cookie Policy"},"content":{"rendered":"<div data-elementor-type=\"wp-page\" data-elementor-id=\"1781\" class=\"elementor elementor-1781\">\n\t\t\t\t<div class=\"elementor-element elementor-element-41be9d48 e-con-full e-flex wpr-particle-no wpr-jarallax-no wpr-parallax-no wpr-sticky-section-no e-con e-parent\" data-id=\"41be9d48\" data-element_type=\"container\">\n\t\t<div class=\"elementor-element elementor-element-a00d93d e-flex e-con-boxed wpr-particle-no wpr-jarallax-no wpr-parallax-no wpr-sticky-section-no e-con e-child\" data-id=\"a00d93d\" data-element_type=\"container\">\n\t\t\t\t\t<div class=\"e-con-inner\">\n\t\t\t\t<div class=\"elementor-element elementor-element-bf04411 elementor-widget elementor-widget-html\" data-id=\"bf04411\" data-element_type=\"widget\" data-widget_type=\"html.default\">\n\t\t\t\t\t<script type=\"application\/ld+json\">\n{\n  \"@context\": \"https:\/\/schema.org\",\n  \"@graph\": [\n    { \"@type\": \"Organization\", \"@id\": \"https:\/\/www.earnext.com\/#org\", \"name\": \"Earnext\", \"url\": \"https:\/\/www.earnext.com\/\" },\n    { \"@type\": \"WebPage\", \"@id\": \"https:\/\/www.earnext.com\/cookie-policy\/#webpage\", \"url\": \"https:\/\/www.earnext.com\/cookie-policy\/\", \"name\": \"Cookie Policy\", \"about\": { \"@id\": \"https:\/\/www.earnext.com\/#org\" }, \"inLanguage\": \"it-IT\" },\n    {\n      \"@type\": \"BreadcrumbList\",\n      \"@id\": \"https:\/\/www.earnext.com\/cookie-policy\/#breadcrumb\",\n      \"itemListElement\": [\n        { \"@type\": \"ListItem\", \"position\": 1, \"name\": \"Home\", \"item\": \"https:\/\/www.earnext.com\/\" },\n        { \"@type\": \"ListItem\", \"position\": 2, \"name\": \"Cookie Policy\", \"item\": \"https:\/\/www.earnext.com\/cookie-policy\/\" }\n      ]\n    }\n  ]\n}\n<\/script>\n\t\t\t\t<\/div>\n\t\t\t\t<div class=\"elementor-element elementor-element-e73bfae elementor-widget elementor-widget-text-editor\" data-id=\"e73bfae\" data-element_type=\"widget\" data-widget_type=\"text-editor.default\">\n\t\t\t\t\t\t\t\t\t<div id=\"cookie-policy\" style=\"margin: 0; padding: 16px 0; line-height: 1.7; font-size: 16px; color: #6e6b7b;\">\n<h2 style=\"margin: 0 0 8px 0; font-size: 26px; letter-spacing: 0.02em; text-transform: uppercase; font-weight: bold; color: #000059;\">EARNEXT Srl &#8211; Cookie Policy<\/h2>\n<h3 style=\"margin: 28px 0 10px 0; font-size: 18px; font-weight: bold; color: #000059;\">Che cosa sono i Cookies?<\/h3>\n<p style=\"margin: 0 0 16px 0;\">Il titolare del trattamento EARNEXT Srl &#8211; Via Arezzo, 1 &#8211; 00161 Roma &#8211; P.IVA 16561081007 &#8211; in aggiunta a quanto previsto dall\u2019informativa sulla privacy desidera informarti in merito all\u2019utilizzo da parte della piattaforma EARNEXT dei cookie sul Sito Internet\n<a style=\"color: #000059; font-weight: bold;\" href=\"https:\/\/www.earnext.com\/it\" target=\"_blank\" rel=\"noopener\">https:\/\/www.earnext.com\/it<\/a> (il \u201cSito\u201c).<\/p>\n<p style=\"margin: 0 0 16px 0;\">I cookies sono piccoli file di testo che vengono immessi sul dispositivo di navigazione (PC, tablet, smartphone) quando si visita un Sito internet. Ad ogni visita successiva, i cookie sono rinviati al Sito che li ha originati o ad un altro Sito che li riconosce. I cookie possono avere diverse finalit\u00e0 come, per esempio, garantire la sicurezza dell\u2019accesso all\u2019account, consentire di navigare efficacemente tra le pagine, ricordare i siti preferiti, migliorare l\u2019esperienza di navigazione. I cookie potrebbero contribuire anche a fornire contenuti pubblicitari pi\u00f9 adeguati e pertinenti agli interessi dell\u2019utente. In base alla funzione, nonch\u00e9 in base al soggetto che li ha originati, i cookie possono suddividersi in cookie tecnici, cookie analitici e cookie di profilazione, cookie di prima parte e cookie di terze parti.<\/p>\n\n<h3 style=\"margin: 28px 0 10px 0; font-size: 18px; font-weight: bold; color: #000059;\">COME UTILIZZIAMO I COOKIES?<\/h3>\n<p style=\"margin: 0 0 16px 0;\">Il nostro Sito utilizza cookie tecnici, strettamente necessari alla funzionalit\u00e0 della piattaforma, e cookie analitici apposti da Google per conoscere le statistiche relative all\u2019utilizzo della piattaforma.<\/p>\n\n<h4 style=\"margin: 20px 0 8px 0; font-size: 16px; font-weight: bold; color: #000059;\">Cookies Tecnici:<\/h4>\n<p style=\"margin: 0 0 8px 0;\"><strong>di sessione\/navigazione:<\/strong> l\u2019uso di c.d. cookies di sessione (che non vengono memorizzati in modo persistente sul computer dell\u2019utente e svaniscono con la chiusura del browser) \u00e8 strettamente limitato alla trasmissione di identificativi di sessione necessari per consentire la navigazione sicura ed efficiente del Sito e delle sue applicazioni. Non necessitano del suo consenso.<\/p>\n<p style=\"margin: 0 0 16px 0;\"><strong>persistenti:<\/strong> i cookies persistenti rimangono sul dispositivo anche dopo l&#8217;uscita dal Sito internet, fino a quando l\u2019utente non li cancella o fino al raggiungimento della loro data di scadenza. Il Sito crea questo tipo di cookies e li memorizza sul dispositivo in modo da poterli leggere quando l\u2019utente visiter\u00e0 nuovamente il Sito. Questo permette, per esempio di ritrovare, anche nelle visite successive al Sito, le preferenze impostate. Non necessitano del Suo consenso.<\/p>\n\n<h4 style=\"margin: 20px 0 8px 0; font-size: 16px; font-weight: bold; color: #000059;\">Cookies Analytics:<\/h4>\n<p style=\"margin: 0 0 16px 0;\">Cookies installati per raccogliere informazioni aggregate di natura prevalentemente statistica (numero di visitatori del Sito ecc.).<\/p>\n<p style=\"margin: 0 0 8px 0;\"><strong>Cookies analitici di prima parte:<\/strong> assimilabili ai cookies tecnici in quanto installati direttamente dal Sito che si sta visitando per migliorarne la fruibilit\u00e0. Non necessitano del Suo consenso.<\/p>\n<p style=\"margin: 0 0 16px 0;\"><strong>Cookies analitici di terza parte:<\/strong> cookies analitici realizzati e installati da terze parti per analizzare la navigazione degli utenti per realizzare statistiche sulle visite o per migliorare l\u2019offerta dei contenuti, mostrare prodotti fra loro analoghi e posizionare, eventualmente, advertising mirato nelle pagine web. Il sistema utilizzato \u00e8 Google Analytics, quest\u2019ultimo \u00e8 un servizio di analisi web fornito da Google LLC (\u201cGoogle\u201d). Google Analytics, come gli altri sistemi, utilizza dei cookies per consentire al Sito web di analizzare come gli utenti utilizzano il Sito. Le informazioni generate dal cookie sull\u2019utilizzo del Sito web da parte dell\u2019utente (compreso l\u2019indirizzo IP) verranno trasmesse a, e depositate presso i server di Google negli Stati Uniti. Google utilizzer\u00e0 queste informazioni allo scopo di tracciare e esaminare l\u2019utilizzo del Sito web, compilare report sulle attivit\u00e0 del Sito web relativi all\u2019utilizzo di Internet. Google pu\u00f2 anche trasferire queste informazioni a terzi ove ci\u00f2 sia imposto dalla legge o laddove tali terzi trattino le suddette informazioni per conto di Google. Google non assocer\u00e0 l\u2019indirizzo IP dell\u2019utente a nessun altro dato posseduto da Google. L\u2019utente pu\u00f2 in ogni caso rifiutarsi di usare i cookies selezionando l\u2019impostazione appropriata sul proprio browser, ma ci\u00f2 potrebbe impedire di utilizzare tutte le funzionalit\u00e0 del Sito web. Dal momento che l\u2019indirizzo IP \u00e8 in chiaro, l\u2019utilizzo di tali cookies necessita del Suo consenso. Cliccando sul bottone \u201cAccetta\u201d nel banner o continuando la navigazione sul Sito, l\u2019utente acconsente al trattamento dei dati da parte di Google per le modalit\u00e0 e i fini sopraindicati.<\/p>\n\n<h3 style=\"margin: 28px 0 10px 0; font-size: 18px; font-weight: bold; color: #000059;\">GESTIONE DELLE PREFERENZE SUI COOKIES<\/h3>\n<p style=\"margin: 0 0 16px 0;\">Il consenso all\u2019uso dei cookies viene prestato in uno dei seguenti modi:<\/p>\n\n<ul style=\"margin: 0 0 16px 20px; padding: 0; list-style: disc;\">\n \t<li style=\"margin: 6px 0;\">cliccando sul bottone \u201cAccetta\u201d presente nel banner contenente l\u2019informativa breve, che appare nel momento in cui l\u2019utente si collega al Sito;<\/li>\n \t<li style=\"margin: 6px 0;\">continuando la navigazione sul Sito, accedendo ad un\u2019altra area del Sito o selezionando un elemento della stessa pagina.<\/li>\n<\/ul>\n<h3 style=\"margin: 28px 0 10px 0; font-size: 18px; font-weight: bold; color: #000059;\">Come gestire i cookies?<\/h3>\n<p style=\"margin: 0 0 16px 0;\">In generale, \u00e8 possibile bloccare tutti i cookie, tuttavia ci\u00f2 avrebbe un impatto negativo sulla fruizione della nostra piattaforma. Tutti i browser pi\u00f9 recenti permettono di modificare le impostazioni sui cookie, queste di solito si trovano nel men\u00f9 alla voce \u2018opzioni\u2019 o \u2018preferenze\u2019. Per avere maggiori informazioni su come gestire i cookie nel tuo browser ti consigliamo di consultare le pagine di aiuto ai seguenti link:<\/p>\n\n<ul style=\"margin: 0 0 16px 20px; padding: 0; list-style: disc;\">\n \t<li style=\"margin: 6px 0;\"><a style=\"color: #000059; font-weight: bold;\" href=\"https:\/\/support.google.com\/chrome\/answer\/95647\" target=\"_blank\" rel=\"noopener\">Chrome<\/a><\/li>\n \t<li style=\"margin: 6px 0;\"><a style=\"color: #000059; font-weight: bold;\" href=\"https:\/\/support.mozilla.org\/it\/kb\/Gestione%20dei%20cookie\" target=\"_blank\" rel=\"noopener\">Firefox<\/a><\/li>\n \t<li style=\"margin: 6px 0;\"><a style=\"color: #000059; font-weight: bold;\" href=\"https:\/\/support.microsoft.com\/it-it\/help\/17442\/windows-internet-explorer-delete-manage-cookies\" target=\"_blank\" rel=\"noopener\">Internet Explorer<\/a><\/li>\n \t<li style=\"margin: 6px 0;\"><a style=\"color: #000059; font-weight: bold;\" href=\"https:\/\/support.apple.com\/it-it\/guide\/safari\/sfri11471\/mac\" target=\"_blank\" rel=\"noopener\">Safari<\/a><\/li>\n \t<li style=\"margin: 6px 0;\"><a style=\"color: #000059; font-weight: bold;\" href=\"https:\/\/help.opera.com\/en\/latest\/web-preferences\/\" target=\"_blank\" rel=\"noopener\">Opera<\/a><\/li>\n<\/ul>\n<p style=\"margin: 0 0 16px 0;\">Se non vuoi ricevere i cookies di Google Analytics puoi farlo collegandoti alla <a style=\"color: #000059; font-weight: bold;\" href=\"https:\/\/tools.google.com\/dlpage\/gaoptout\" target=\"_blank\" rel=\"noopener\">pagina<\/a>.\nSe vuoi saperne di pi\u00f9 sui cookies di Google Analytics puoi visitare la\n<a style=\"color: #000059; font-weight: bold;\" href=\"https:\/\/policies.google.com\/technologies\/cookies?hl=it\" target=\"_blank\" rel=\"noopener\">pagina<\/a>.\nSe vuoi saperne di pi\u00f9 sui cookies in generale puoi visitare la\n<a style=\"color: #000059; font-weight: bold;\" href=\"https:\/\/www.allaboutcookies.org\/\" target=\"_blank\" rel=\"noopener\">pagina<\/a>.<\/p>\n\n<h3 style=\"margin: 28px 0 10px 0; font-size: 18px; font-weight: bold; color: #000059;\">COOKIES DI TERZA PARTE PRESENTI SUL SITO<\/h3>\n<table style=\"border-collapse: collapse; width: 100%; margin: 12px 0; border: 1px solid #ddd; color: #6e6b7b;\">\n<thead>\n<tr style=\"background: #f5f5f5; color: #000059; font-weight: bold;\">\n<th style=\"border: 1px solid #ddd; padding: 8px; text-align: left;\">Cookie<\/th>\n<th style=\"border: 1px solid #ddd; padding: 8px; text-align: left;\">Finalit\u00e0<\/th>\n<\/tr>\n<\/thead>\n<tbody>\n<tr>\n<td style=\"border: 1px solid #ddd; padding: 8px;\">Google Analytics<\/td>\n<td style=\"border: 1px solid #ddd; padding: 8px;\">Analitici<\/td>\n<\/tr>\n<\/tbody>\n<\/table>\n<h3 style=\"margin: 28px 0 10px 0; font-size: 18px; font-weight: bold; color: #000059;\">Privacy<\/h3>\n<p style=\"margin: 0;\">Per ogni informazione si prega di fare riferimento alla\n<a style=\"color: #000059; font-weight: bold;\" href=\"http:\/\/www.earnext.com\/en\/privacy-policy\/\" target=\"_blank\" rel=\"noopener\">informativa sulla privacy<\/a>.<\/p>\n\n<\/div>\t\t\t\t\t\t\t\t<\/div>\n\t\t\t\t\t<\/div>\n\t\t\t\t<\/div>\n\t\t\t\t<\/div>\n\t\t\t\t<\/div>","protected":false},"excerpt":{"rendered":"<p>EARNEXT Srl &#8211; Cookie Policy Che cosa sono i Cookies? Il titolare del trattamento EARNEXT Srl &#8211; Via Arezzo, 1 &#8211; 00161 Roma &#8211; P.IVA 16561081007 &#8211; in aggiunta a quanto previsto dall\u2019informativa sulla privacy desidera informarti in merito all\u2019utilizzo da parte della piattaforma EARNEXT dei cookie sul Sito Internet https:\/\/www.earnext.com\/it (il \u201cSito\u201c). I cookies sono piccoli file di testo che vengono immessi sul dispositivo di navigazione (PC, tablet, smartphone) quando si visita un Sito internet. Ad ogni visita successiva, i cookie sono rinviati al Sito che li ha originati o ad un altro Sito che li riconosce. I cookie possono avere diverse finalit\u00e0 come, per esempio, garantire la sicurezza dell\u2019accesso all\u2019account, consentire di navigare efficacemente tra le pagine, ricordare i siti preferiti, migliorare l\u2019esperienza di navigazione. I cookie potrebbero contribuire anche a fornire contenuti pubblicitari pi\u00f9 adeguati e pertinenti agli interessi dell\u2019utente. In base alla funzione, nonch\u00e9 in base al soggetto che li ha originati, i cookie possono suddividersi in cookie tecnici, cookie analitici e cookie di profilazione, cookie di prima parte e cookie di terze parti. COME UTILIZZIAMO I COOKIES? Il nostro Sito utilizza cookie tecnici, strettamente necessari alla funzionalit\u00e0 della piattaforma, e cookie analitici apposti da Google per conoscere le statistiche relative all\u2019utilizzo della piattaforma. Cookies Tecnici: di sessione\/navigazione: l\u2019uso di c.d. cookies di sessione (che non vengono memorizzati in modo persistente sul computer dell\u2019utente e svaniscono con la chiusura del browser) \u00e8 strettamente limitato alla trasmissione di identificativi di sessione necessari per consentire la navigazione sicura ed efficiente del Sito e delle sue applicazioni. Non necessitano del suo consenso. persistenti: i cookies persistenti rimangono sul dispositivo anche dopo l&#8217;uscita dal Sito internet, fino a quando l\u2019utente non li cancella o fino al raggiungimento della loro data di scadenza. Il Sito crea questo tipo di cookies e li memorizza sul dispositivo in modo da poterli leggere quando l\u2019utente visiter\u00e0 nuovamente il Sito. Questo permette, per esempio di ritrovare, anche nelle visite successive al Sito, le preferenze impostate. Non necessitano del Suo consenso. Cookies Analytics: Cookies installati per raccogliere informazioni aggregate di natura prevalentemente statistica (numero di visitatori del Sito ecc.). Cookies analitici di prima parte: assimilabili ai cookies tecnici in quanto installati direttamente dal Sito che si sta visitando per migliorarne la fruibilit\u00e0. Non necessitano del Suo consenso. Cookies analitici di terza parte: cookies analitici realizzati e installati da terze parti per analizzare la navigazione degli utenti per realizzare statistiche sulle visite o per migliorare l\u2019offerta dei contenuti, mostrare prodotti fra loro analoghi e posizionare, eventualmente, advertising mirato nelle pagine web. Il sistema utilizzato \u00e8 Google Analytics, quest\u2019ultimo \u00e8 un servizio di analisi web fornito da Google LLC (\u201cGoogle\u201d). Google Analytics, come gli altri sistemi, utilizza dei cookies per consentire al Sito web di analizzare come gli utenti utilizzano il Sito. Le informazioni generate dal cookie sull\u2019utilizzo del Sito web da parte dell\u2019utente (compreso l\u2019indirizzo IP) verranno trasmesse a, e depositate presso i server di Google negli Stati Uniti. Google utilizzer\u00e0 queste informazioni allo scopo di tracciare e esaminare l\u2019utilizzo del Sito web, compilare report sulle attivit\u00e0 del Sito web relativi all\u2019utilizzo di Internet. Google pu\u00f2 anche trasferire queste informazioni a terzi ove ci\u00f2 sia imposto dalla legge o laddove tali terzi trattino le suddette informazioni per conto di Google. Google non assocer\u00e0 l\u2019indirizzo IP dell\u2019utente a nessun altro dato posseduto da Google. L\u2019utente pu\u00f2 in ogni caso rifiutarsi di usare i cookies selezionando l\u2019impostazione appropriata sul proprio browser, ma ci\u00f2 potrebbe impedire di utilizzare tutte le funzionalit\u00e0 del Sito web. Dal momento che l\u2019indirizzo IP \u00e8 in chiaro, l\u2019utilizzo di tali cookies necessita del Suo consenso. Cliccando sul bottone \u201cAccetta\u201d nel banner o continuando la navigazione sul Sito, l\u2019utente acconsente al trattamento dei dati da parte di Google per le modalit\u00e0 e i fini sopraindicati. GESTIONE DELLE PREFERENZE SUI COOKIES Il consenso all\u2019uso dei cookies viene prestato in uno dei seguenti modi: cliccando sul bottone \u201cAccetta\u201d presente nel banner contenente l\u2019informativa breve, che appare nel momento in cui l\u2019utente si collega al Sito; continuando la navigazione sul Sito, accedendo ad un\u2019altra area del Sito o selezionando un elemento della stessa pagina. Come gestire i cookies? In generale, \u00e8 possibile bloccare tutti i cookie, tuttavia ci\u00f2 avrebbe un impatto negativo sulla fruizione della nostra piattaforma. Tutti i browser pi\u00f9 recenti permettono di modificare le impostazioni sui cookie, queste di solito si trovano nel men\u00f9 alla voce \u2018opzioni\u2019 o \u2018preferenze\u2019. Per avere maggiori informazioni su come gestire i cookie nel tuo browser ti consigliamo di consultare le pagine di aiuto ai seguenti link: Chrome Firefox Internet Explorer Safari Opera Se non vuoi ricevere i cookies di Google Analytics puoi farlo collegandoti alla pagina. Se vuoi saperne di pi\u00f9 sui cookies di Google Analytics puoi visitare la pagina. Se vuoi saperne di pi\u00f9 sui cookies in generale puoi visitare la pagina. COOKIES DI TERZA PARTE PRESENTI SUL SITO Cookie Finalit\u00e0 Google Analytics Analitici Privacy Per ogni informazione si prega di fare riferimento alla informativa sulla privacy.<\/p>","protected":false},"author":1,"featured_media":0,"parent":0,"menu_order":0,"comment_status":"closed","ping_status":"open","template":"full-width.php","meta":{"_acf_changed":false,"footnotes":""},"class_list":["post-1781","page","type-page","status-publish","hentry"],"acf":[],"yoast_head":"<!-- This site is optimized with the Yoast SEO plugin v26.8 - https:\/\/yoast.com\/product\/yoast-seo-wordpress\/ -->\n<title>Cookie Policy | Earnext<\/title>\n<meta name=\"description\" content=\"Informativa cookie: categorie, finalit\u00e0 e gestione preferenze. Scopri come controllare cookie e tecnologie simili sul sito Earnext.\" \/>\n<meta name=\"robots\" content=\"index, follow, max-snippet:-1, max-image-preview:large, max-video-preview:-1\" \/>\n<link rel=\"canonical\" href=\"https:\/\/www.earnext.com\/en\/cookie-policy\/\" \/>\n<meta property=\"og:locale\" content=\"en_GB\" \/>\n<meta property=\"og:type\" content=\"article\" \/>\n<meta property=\"og:title\" content=\"Cookie Policy | Earnext\" \/>\n<meta property=\"og:description\" content=\"Informativa cookie: categorie, finalit\u00e0 e gestione preferenze. Scopri come controllare cookie e tecnologie simili sul sito Earnext.\" \/>\n<meta property=\"og:url\" content=\"https:\/\/www.earnext.com\/en\/cookie-policy\/\" \/>\n<meta property=\"og:site_name\" content=\"Earnext\" \/>\n<meta property=\"article:modified_time\" content=\"2026-02-07T10:38:10+00:00\" \/>\n<meta name=\"twitter:card\" content=\"summary_large_image\" \/>\n<meta name=\"twitter:label1\" content=\"Estimated reading time\" \/>\n\t<meta name=\"twitter:data1\" content=\"4 minutes\" \/>\n<script type=\"application\/ld+json\" class=\"yoast-schema-graph\">{\"@context\":\"https:\/\/schema.org\",\"@graph\":[{\"@type\":\"WebPage\",\"@id\":\"https:\/\/www.earnext.com\/cookie-policy\/\",\"url\":\"https:\/\/www.earnext.com\/cookie-policy\/\",\"name\":\"Cookie Policy | Earnext\",\"isPartOf\":{\"@id\":\"https:\/\/www.earnext.com\/#website\"},\"datePublished\":\"2025-11-19T18:27:20+00:00\",\"dateModified\":\"2026-02-07T10:38:10+00:00\",\"description\":\"Informativa cookie: categorie, finalit\u00e0 e gestione preferenze. Scopri come controllare cookie e tecnologie simili sul sito Earnext.\",\"breadcrumb\":{\"@id\":\"https:\/\/www.earnext.com\/cookie-policy\/#breadcrumb\"},\"inLanguage\":\"en-GB\",\"potentialAction\":[{\"@type\":\"ReadAction\",\"target\":[\"https:\/\/www.earnext.com\/cookie-policy\/\"]}]},{\"@type\":\"BreadcrumbList\",\"@id\":\"https:\/\/www.earnext.com\/cookie-policy\/#breadcrumb\",\"itemListElement\":[{\"@type\":\"ListItem\",\"position\":1,\"name\":\"Home\",\"item\":\"https:\/\/www.earnext.com\/\"},{\"@type\":\"ListItem\",\"position\":2,\"name\":\"Cookie Policy\"}]},{\"@type\":\"WebSite\",\"@id\":\"https:\/\/www.earnext.com\/#website\",\"url\":\"https:\/\/www.earnext.com\/\",\"name\":\"Earnext\",\"description\":\"\",\"potentialAction\":[{\"@type\":\"SearchAction\",\"target\":{\"@type\":\"EntryPoint\",\"urlTemplate\":\"https:\/\/www.earnext.com\/?s={search_term_string}\"},\"query-input\":{\"@type\":\"PropertyValueSpecification\",\"valueRequired\":true,\"valueName\":\"search_term_string\"}}],\"inLanguage\":\"en-GB\"}]}<\/script>\n<!-- \/ Yoast SEO plugin. -->","yoast_head_json":{"title":"Cookie Policy | Earnext","description":"Informativa cookie: categorie, finalit\u00e0 e gestione preferenze. Scopri come controllare cookie e tecnologie simili sul sito Earnext.","robots":{"index":"index","follow":"follow","max-snippet":"max-snippet:-1","max-image-preview":"max-image-preview:large","max-video-preview":"max-video-preview:-1"},"canonical":"https:\/\/www.earnext.com\/en\/cookie-policy\/","og_locale":"en_GB","og_type":"article","og_title":"Cookie Policy | Earnext","og_description":"Informativa cookie: categorie, finalit\u00e0 e gestione preferenze. Scopri come controllare cookie e tecnologie simili sul sito Earnext.","og_url":"https:\/\/www.earnext.com\/en\/cookie-policy\/","og_site_name":"Earnext","article_modified_time":"2026-02-07T10:38:10+00:00","twitter_card":"summary_large_image","twitter_misc":{"Estimated reading time":"4 minutes"},"schema":{"@context":"https:\/\/schema.org","@graph":[{"@type":"WebPage","@id":"https:\/\/www.earnext.com\/cookie-policy\/","url":"https:\/\/www.earnext.com\/cookie-policy\/","name":"Cookie Policy | Earnext","isPartOf":{"@id":"https:\/\/www.earnext.com\/#website"},"datePublished":"2025-11-19T18:27:20+00:00","dateModified":"2026-02-07T10:38:10+00:00","description":"Informativa cookie: categorie, finalit\u00e0 e gestione preferenze. Scopri come controllare cookie e tecnologie simili sul sito Earnext.","breadcrumb":{"@id":"https:\/\/www.earnext.com\/cookie-policy\/#breadcrumb"},"inLanguage":"en-GB","potentialAction":[{"@type":"ReadAction","target":["https:\/\/www.earnext.com\/cookie-policy\/"]}]},{"@type":"BreadcrumbList","@id":"https:\/\/www.earnext.com\/cookie-policy\/#breadcrumb","itemListElement":[{"@type":"ListItem","position":1,"name":"Home","item":"https:\/\/www.earnext.com\/"},{"@type":"ListItem","position":2,"name":"Cookie Policy"}]},{"@type":"WebSite","@id":"https:\/\/www.earnext.com\/#website","url":"https:\/\/www.earnext.com\/","name":"Earnext","description":"","potentialAction":[{"@type":"SearchAction","target":{"@type":"EntryPoint","urlTemplate":"https:\/\/www.earnext.com\/?s={search_term_string}"},"query-input":{"@type":"PropertyValueSpecification","valueRequired":true,"valueName":"search_term_string"}}],"inLanguage":"en-GB"}]}},"_links":{"self":[{"href":"https:\/\/www.earnext.com\/en\/wp-json\/wp\/v2\/pages\/1781","targetHints":{"allow":["GET"]}}],"collection":[{"href":"https:\/\/www.earnext.com\/en\/wp-json\/wp\/v2\/pages"}],"about":[{"href":"https:\/\/www.earnext.com\/en\/wp-json\/wp\/v2\/types\/page"}],"author":[{"embeddable":true,"href":"https:\/\/www.earnext.com\/en\/wp-json\/wp\/v2\/users\/1"}],"replies":[{"embeddable":true,"href":"https:\/\/www.earnext.com\/en\/wp-json\/wp\/v2\/comments?post=1781"}],"version-history":[{"count":15,"href":"https:\/\/www.earnext.com\/en\/wp-json\/wp\/v2\/pages\/1781\/revisions"}],"predecessor-version":[{"id":2113,"href":"https:\/\/www.earnext.com\/en\/wp-json\/wp\/v2\/pages\/1781\/revisions\/2113"}],"wp:attachment":[{"href":"https:\/\/www.earnext.com\/en\/wp-json\/wp\/v2\/media?parent=1781"}],"curies":[{"name":"wp","href":"https:\/\/api.w.org\/{rel}","templated":true}]}}